{"id":129,"date":"2019-11-02T02:32:56","date_gmt":"2019-11-02T02:32:56","guid":{"rendered":"https:\/\/demo.casethemes.net\/consultio-finance2\/?page_id=129"},"modified":"2023-03-18T10:41:02","modified_gmt":"2023-03-18T09:41:02","slug":"actualites","status":"publish","type":"page","link":"https:\/\/adn.cd\/fr\/actualites\/","title":{"rendered":"Actualit\u00e9s"},"content":{"rendered":"\t\t<div data-elementor-type=\"wp-page\" data-elementor-id=\"129\" class=\"elementor elementor-129\">\n\t\t\t\t        <section class=\"elementor-section elementor-top-section elementor-element elementor-element-fb04492 elementor-section-content-middle elementor-section-boxed elementor-section-height-default elementor-section-height-default ct-header-fixed-none ct-row-max-none\" data-id=\"fb04492\" data-element_type=\"section\" data-e-type=\"section\">\n            \n                        <div class=\"elementor-container elementor-column-gap-extended \">\n                            <div class=\"elementor-row\">\n                    <div class=\"elementor-column elementor-col-50 elementor-top-column elementor-element elementor-element-7b3c5f0\" data-id=\"7b3c5f0\" data-element_type=\"column\" data-e-type=\"column\">\n            <div class=\"elementor-column-wrap elementor-element-populated\">\n                            <div class=\"elementor-widget-wrap\">\n                \t\t<div class=\"elementor-element elementor-element-f1a14f8 elementor-widget elementor-widget-ct_heading\" data-id=\"f1a14f8\" data-element_type=\"widget\" data-e-type=\"widget\" data-widget_type=\"ct_heading.default\">\n\t\t\t\t<div class=\"elementor-widget-container\">\n\t\t\t\t\t<div id=\"ct_heading-f1a14f8\" class=\"ct-heading h-align- sub-style1 ct-heading-left item-st-default\">\r\n\t<div class=\"ct-inline-css\"  data-css=\"\r\n        \">\r\n    <\/div>\r\n    \t\t<div class=\"item--sub-title style1 show-line\">\r\n                        ADN                                            <\/div>\r\n\t    <h3 class=\"item--title st-default case-animate-time\" data-wow-delay=\"ms\">\r\n                <span class=\"sp-main\">\r\n            \r\n            Activit\u00e9s\r\n            \r\n                    <\/span>\r\n            <\/h3>\r\n<\/div>\t\t\t\t<\/div>\n\t\t\t\t<\/div>\n\t\t                <\/div>\n                    <\/div>\n        <\/div>\n                <div class=\"elementor-column elementor-col-50 elementor-top-column elementor-element elementor-element-f25fa3b\" data-id=\"f25fa3b\" data-element_type=\"column\" data-e-type=\"column\">\n            <div class=\"elementor-column-wrap\">\n                            <div class=\"elementor-widget-wrap\">\n                                <\/div>\n                    <\/div>\n        <\/div>\n                                <\/div>\n                    <\/div>\n        <\/section>\n                <section class=\"elementor-section elementor-top-section elementor-element elementor-element-3df308c elementor-section-boxed elementor-section-height-default elementor-section-height-default ct-header-fixed-none ct-row-max-none\" data-id=\"3df308c\" data-element_type=\"section\" data-e-type=\"section\">\n            \n                        <div class=\"elementor-container elementor-column-gap-extended \">\n                            <div class=\"elementor-row\">\n                    <div class=\"elementor-column elementor-col-100 elementor-top-column elementor-element elementor-element-95c454c\" data-id=\"95c454c\" data-element_type=\"column\" data-e-type=\"column\">\n            <div class=\"elementor-column-wrap elementor-element-populated\">\n                            <div class=\"elementor-widget-wrap\">\n                \t\t<div class=\"elementor-element elementor-element-b97f62b elementor-widget elementor-widget-ct_blog_grid\" data-id=\"b97f62b\" data-element_type=\"widget\" data-e-type=\"widget\" data-widget_type=\"ct_blog_grid.default\">\n\t\t\t\t<div class=\"elementor-widget-container\">\n\t\t\t\t\t\r\n<div id=\"ct_blog_grid-b97f62b\" class=\"ct-grid ct-blog-grid ct-blog-grid-layout1\" data-layout=\"masonry\" data-start-page=\"1\" data-max-pages=\"18\" data-total=\"108\" data-perpage=\"6\" data-next-link=\"https:\/\/adn.cd\/fr\/wp-json\/wp\/v2\/pages\/129\/page\/2\/\">\r\n    <div class=\"ct-grid-overlay\"><\/div>\r\n    \r\n    <div class=\"ct-grid-inner ct-grid-masonry row animate-time\" data-gutter=\"15\">\r\n                    <div class=\"grid-sizer col-xl-4 col-lg-4 col-md-6 col-sm-6 col-12\"><\/div>\r\n                                <div class=\"grid-item col-xl-4 col-lg-4 col-md-6 col-sm-6 col-12 \">\r\n                    <div class=\"grid-item-inner wow fadeInUp\">\r\n                                                    <div class=\"entry-featured\">\r\n                                <a href=\"https:\/\/adn.cd\/fr\/2025\/10\/02\/drc-digital-nation-2030-le-president-tshisekedi-annonce-un-nouveau-plan-numerique-et-mobilise-les-acteurs-cles-du-secteur\/\"><\/a>\r\n                            <\/div>\r\n                                                <div class=\"entry-body\">\r\n                            <div class=\"entry-holder\">\r\n                                                                    <ul class=\"entry-meta\">\r\n                                                                                    <li class=\"item-date\"><i class=\"fac fac-calendar-alt\"><\/i>2 octobre 2025<\/li>\r\n                                                                                                                            <li class=\"item-author\">\r\n                                                <a href=\"https:\/\/adn.cd\/fr\/author\/cellule_comm\/\"><i class=\"fac fac-user\"><\/i>Cellule Comm<\/a><\/li>\r\n                                                                            <\/ul>\r\n                                                                <h3 class=\"entry-title\"><a href=\"https:\/\/adn.cd\/fr\/2025\/10\/02\/drc-digital-nation-2030-le-president-tshisekedi-annonce-un-nouveau-plan-numerique-et-mobilise-les-acteurs-cles-du-secteur\/\">DRC DIGITAL NATION 2030\u00a0: Le president Tshisekedi annonce un nouveau plan num\u00e9rique et mobilise les acteurs cl\u00e9s du secteur<\/a><\/h3>\r\n                                                                    <div class=\"entry-readmore\">\r\n                                        <a href=\"https:\/\/adn.cd\/fr\/2025\/10\/02\/drc-digital-nation-2030-le-president-tshisekedi-annonce-un-nouveau-plan-numerique-et-mobilise-les-acteurs-cles-du-secteur\/\">\r\n                                            Lire l&#039;article                                            <i class=\"fac fac-angle-double-right space-left\"><\/i>\r\n                                        <\/a>\r\n                                    <\/div>\r\n                                                            <\/div>\r\n                        <\/div>\r\n                    <\/div>\r\n                <\/div>\r\n                            <div class=\"grid-item col-xl-4 col-lg-4 col-md-6 col-sm-6 col-12 \">\r\n                    <div class=\"grid-item-inner wow fadeInUp\">\r\n                                                    <div class=\"entry-featured\">\r\n                                <a href=\"https:\/\/adn.cd\/fr\/2025\/08\/11\/rapport-devaluation-de-la-mise-en-oeuvre-du-plan-national-du-numerique-horizon-2025-pnn-avancees-et-defis-pour-poser-les-bases-dune-economie-numerique-en-republique-democratique-du\/\"><\/a>\r\n                            <\/div>\r\n                                                <div class=\"entry-body\">\r\n                            <div class=\"entry-holder\">\r\n                                                                    <ul class=\"entry-meta\">\r\n                                                                                    <li class=\"item-date\"><i class=\"fac fac-calendar-alt\"><\/i>11 ao\u00fbt 2025<\/li>\r\n                                                                                                                            <li class=\"item-author\">\r\n                                                <a href=\"https:\/\/adn.cd\/fr\/author\/adn_admin\/\"><i class=\"fac fac-user\"><\/i>ADN_admin<\/a><\/li>\r\n                                                                            <\/ul>\r\n                                                                <h3 class=\"entry-title\"><a href=\"https:\/\/adn.cd\/fr\/2025\/08\/11\/rapport-devaluation-de-la-mise-en-oeuvre-du-plan-national-du-numerique-horizon-2025-pnn-avancees-et-defis-pour-poser-les-bases-dune-economie-numerique-en-republique-democratique-du\/\">Rapport d&#8217;\u00e9valuation de la mise en \u0153uvre du Plan National du Num\u00e9rique &#8220;Horizon 2025&#8221; (PNN) : Avanc\u00e9es et D\u00e9fis pour poser les bases d\u2019une \u00e9conomie num\u00e9rique en R\u00e9publique D\u00e9mocratique du Congo<\/a><\/h3>\r\n                                                                    <div class=\"entry-readmore\">\r\n                                        <a href=\"https:\/\/adn.cd\/fr\/2025\/08\/11\/rapport-devaluation-de-la-mise-en-oeuvre-du-plan-national-du-numerique-horizon-2025-pnn-avancees-et-defis-pour-poser-les-bases-dune-economie-numerique-en-republique-democratique-du\/\">\r\n                                            Lire l&#039;article                                            <i class=\"fac fac-angle-double-right space-left\"><\/i>\r\n                                        <\/a>\r\n                                    <\/div>\r\n                                                            <\/div>\r\n                        <\/div>\r\n                    <\/div>\r\n                <\/div>\r\n                            <div class=\"grid-item col-xl-4 col-lg-4 col-md-6 col-sm-6 col-12 \">\r\n                    <div class=\"grid-item-inner wow fadeInUp\">\r\n                                                    <div class=\"entry-featured\">\r\n                                <a href=\"https:\/\/adn.cd\/fr\/2025\/05\/17\/cocorico-la-startup-de-la-rdc-genesis-remporte-la-finale-du-challenge-startup-bassin-du-congo\/\"><\/a>\r\n                            <\/div>\r\n                                                <div class=\"entry-body\">\r\n                            <div class=\"entry-holder\">\r\n                                                                    <ul class=\"entry-meta\">\r\n                                                                                    <li class=\"item-date\"><i class=\"fac fac-calendar-alt\"><\/i>17 mai 2025<\/li>\r\n                                                                                                                            <li class=\"item-author\">\r\n                                                <a href=\"https:\/\/adn.cd\/fr\/author\/cellule_comm\/\"><i class=\"fac fac-user\"><\/i>Cellule Comm<\/a><\/li>\r\n                                                                            <\/ul>\r\n                                                                <h3 class=\"entry-title\"><a href=\"https:\/\/adn.cd\/fr\/2025\/05\/17\/cocorico-la-startup-de-la-rdc-genesis-remporte-la-finale-du-challenge-startup-bassin-du-congo\/\">Cocorico ! La startup de la RDC &#8220;GENESIS&#8221; Remporte la Finale du Challenge Startup Bassin du Congo<\/a><\/h3>\r\n                                                                    <div class=\"entry-readmore\">\r\n                                        <a href=\"https:\/\/adn.cd\/fr\/2025\/05\/17\/cocorico-la-startup-de-la-rdc-genesis-remporte-la-finale-du-challenge-startup-bassin-du-congo\/\">\r\n                                            Lire l&#039;article                                            <i class=\"fac fac-angle-double-right space-left\"><\/i>\r\n                                        <\/a>\r\n                                    <\/div>\r\n                                                            <\/div>\r\n                        <\/div>\r\n                    <\/div>\r\n                <\/div>\r\n                            <div class=\"grid-item col-xl-4 col-lg-4 col-md-6 col-sm-6 col-12 \">\r\n                    <div class=\"grid-item-inner wow fadeInUp\">\r\n                                                    <div class=\"entry-featured\">\r\n                                <a href=\"https:\/\/adn.cd\/fr\/2025\/03\/13\/celebration-des-deux-ans-du-code-du-numerique-ladn-en-premiere-ligne\/\"><\/a>\r\n                            <\/div>\r\n                                                <div class=\"entry-body\">\r\n                            <div class=\"entry-holder\">\r\n                                                                    <ul class=\"entry-meta\">\r\n                                                                                    <li class=\"item-date\"><i class=\"fac fac-calendar-alt\"><\/i>13 mars 2025<\/li>\r\n                                                                                                                            <li class=\"item-author\">\r\n                                                <a href=\"https:\/\/adn.cd\/fr\/author\/cellule_comm\/\"><i class=\"fac fac-user\"><\/i>Cellule Comm<\/a><\/li>\r\n                                                                            <\/ul>\r\n                                                                <h3 class=\"entry-title\"><a href=\"https:\/\/adn.cd\/fr\/2025\/03\/13\/celebration-des-deux-ans-du-code-du-numerique-ladn-en-premiere-ligne\/\">C\u00e9l\u00e9bration des deux ans du Code du Num\u00e9rique : l&#8217;ADN en premi\u00e8re ligne<\/a><\/h3>\r\n                                                                    <div class=\"entry-readmore\">\r\n                                        <a href=\"https:\/\/adn.cd\/fr\/2025\/03\/13\/celebration-des-deux-ans-du-code-du-numerique-ladn-en-premiere-ligne\/\">\r\n                                            Lire l&#039;article                                            <i class=\"fac fac-angle-double-right space-left\"><\/i>\r\n                                        <\/a>\r\n                                    <\/div>\r\n                                                            <\/div>\r\n                        <\/div>\r\n                    <\/div>\r\n                <\/div>\r\n                            <div class=\"grid-item col-xl-4 col-lg-4 col-md-6 col-sm-6 col-12 \">\r\n                    <div class=\"grid-item-inner wow fadeInUp\">\r\n                                                    <div class=\"entry-featured\">\r\n                                <a href=\"https:\/\/adn.cd\/fr\/2025\/03\/08\/ladn-au-mobile-world-congress-2025-un-pas-vers-la-numerisation-de-la-rdc\/\"><\/a>\r\n                            <\/div>\r\n                                                <div class=\"entry-body\">\r\n                            <div class=\"entry-holder\">\r\n                                                                    <ul class=\"entry-meta\">\r\n                                                                                    <li class=\"item-date\"><i class=\"fac fac-calendar-alt\"><\/i>8 mars 2025<\/li>\r\n                                                                                                                            <li class=\"item-author\">\r\n                                                <a href=\"https:\/\/adn.cd\/fr\/author\/cellule_comm\/\"><i class=\"fac fac-user\"><\/i>Cellule Comm<\/a><\/li>\r\n                                                                            <\/ul>\r\n                                                                <h3 class=\"entry-title\"><a href=\"https:\/\/adn.cd\/fr\/2025\/03\/08\/ladn-au-mobile-world-congress-2025-un-pas-vers-la-numerisation-de-la-rdc\/\">L\u2019ADN au Mobile World Congress 2025 : Un pas vers la num\u00e9risation de la RDC<\/a><\/h3>\r\n                                                                    <div class=\"entry-readmore\">\r\n                                        <a href=\"https:\/\/adn.cd\/fr\/2025\/03\/08\/ladn-au-mobile-world-congress-2025-un-pas-vers-la-numerisation-de-la-rdc\/\">\r\n                                            Lire l&#039;article                                            <i class=\"fac fac-angle-double-right space-left\"><\/i>\r\n                                        <\/a>\r\n                                    <\/div>\r\n                                                            <\/div>\r\n                        <\/div>\r\n                    <\/div>\r\n                <\/div>\r\n                            <div class=\"grid-item col-xl-4 col-lg-4 col-md-6 col-sm-6 col-12 \">\r\n                    <div class=\"grid-item-inner wow fadeInUp\">\r\n                                                    <div class=\"entry-featured\">\r\n                                <a href=\"https:\/\/adn.cd\/fr\/2025\/02\/26\/le-sisag-un-pas-de-geant-vers-la-gouvernance-numerique-en-rdc\/\"><\/a>\r\n                            <\/div>\r\n                                                <div class=\"entry-body\">\r\n                            <div class=\"entry-holder\">\r\n                                                                    <ul class=\"entry-meta\">\r\n                                                                                    <li class=\"item-date\"><i class=\"fac fac-calendar-alt\"><\/i>26 f\u00e9vrier 2025<\/li>\r\n                                                                                                                            <li class=\"item-author\">\r\n                                                <a href=\"https:\/\/adn.cd\/fr\/author\/cellule_comm\/\"><i class=\"fac fac-user\"><\/i>Cellule Comm<\/a><\/li>\r\n                                                                            <\/ul>\r\n                                                                <h3 class=\"entry-title\"><a href=\"https:\/\/adn.cd\/fr\/2025\/02\/26\/le-sisag-un-pas-de-geant-vers-la-gouvernance-numerique-en-rdc\/\">Le SISAG : Un Pas de G\u00e9ant vers la Gouvernance Num\u00e9rique en RDC<\/a><\/h3>\r\n                                                                    <div class=\"entry-readmore\">\r\n                                        <a href=\"https:\/\/adn.cd\/fr\/2025\/02\/26\/le-sisag-un-pas-de-geant-vers-la-gouvernance-numerique-en-rdc\/\">\r\n                                            Lire l&#039;article                                            <i class=\"fac fac-angle-double-right space-left\"><\/i>\r\n                                        <\/a>\r\n                                    <\/div>\r\n                                                            <\/div>\r\n                        <\/div>\r\n                    <\/div>\r\n                <\/div>\r\n                <\/div>\r\n                <div class=\"ct-load-more text-center\" data-loadmore=\"{&quot;startPage&quot;:1,&quot;maxPages&quot;:18,&quot;total&quot;:108,&quot;perpage&quot;:6,&quot;nextLink&quot;:&quot;https:\\\/\\\/adn.cd\\\/fr\\\/wp-json\\\/wp\\\/v2\\\/pages\\\/129\\\/page\\\/2\\\/&quot;,&quot;source&quot;:[&quot;actualites|category&quot;],&quot;orderby&quot;:&quot;date&quot;,&quot;order&quot;:&quot;desc&quot;,&quot;limit&quot;:6,&quot;post_ids&quot;:&quot;&quot;,&quot;col_xl&quot;:4,&quot;col_lg&quot;:4,&quot;col_md&quot;:6,&quot;col_sm&quot;:6,&quot;col_xs&quot;:12,&quot;thumbnail_size&quot;:&quot;custom&quot;,&quot;thumbnail_custom_dimension&quot;:{&quot;width&quot;:&quot;&quot;,&quot;height&quot;:&quot;&quot;},&quot;pagination_type&quot;:&quot;loadmore&quot;,&quot;show_author&quot;:&quot;true&quot;,&quot;show_date&quot;:&quot;true&quot;,&quot;show_button&quot;:&quot;true&quot;,&quot;button_text&quot;:&quot;Lire l&#039;article&quot;,&quot;ct_animate&quot;:&quot;wow fadeInUp&quot;,&quot;template_type&quot;:&quot;post_grid_layout1&quot;,&quot;tax&quot;:[]}\">\r\n            <span class=\"btn btn-outline\">\r\n                <i class=\"fac fac-redo\"><\/i>\r\n                Load more            <\/span>\r\n        <\/div>\r\n    <\/div>\t\t\t\t<\/div>\n\t\t\t\t<\/div>\n\t\t                <\/div>\n                    <\/div>\n        <\/div>\n                                <\/div>\n                    <\/div>\n        <\/section>\n                <section class=\"elementor-section elementor-top-section elementor-element elementor-element-7ef66b82 elementor-section-boxed elementor-section-height-default elementor-section-height-default ct-header-fixed-none ct-row-max-none\" data-id=\"7ef66b82\" data-element_type=\"section\" data-e-type=\"section\">\n            \n                        <div class=\"elementor-container elementor-column-gap-extended \">\n                            <div class=\"elementor-row\">\n                    <div class=\"elementor-column elementor-col-100 elementor-top-column elementor-element elementor-element-4112df1e\" data-id=\"4112df1e\" data-element_type=\"column\" data-e-type=\"column\">\n            <div class=\"elementor-column-wrap\">\n                            <div class=\"elementor-widget-wrap\">\n                                <\/div>\n                    <\/div>\n        <\/div>\n                                <\/div>\n                    <\/div>\n        <\/section>\n        \t\t<\/div>\n\t\t","protected":false},"excerpt":{"rendered":"<p>ADN Activit\u00e9s 11 mars 2023 Cellule Comm KONGO CENTRAL&nbsp;: L\u2019ADN parraine une c\u00e9r\u00e9monie de remise de plusieurs ordinateurs offerts \u00e0 une \u00e9cole de Kasangulu Lire l&#039;article 20 f\u00e9vrier 2023 Cellule Comm L\u2019 ADN et ASSECO signent un protocole baptis\u00e9 \u00ab\u00a0RDC-NUMERIQUE\u00a0\u00bb pour la mat\u00e9rialisation de plusieurs projets en RDC Lire l&#039;article 30 janvier 2023 Cellule Comm [&hellip;]<\/p>\n","protected":false},"author":1,"featured_media":0,"parent":0,"menu_order":0,"comment_status":"closed","ping_status":"closed","template":"","meta":{"footnotes":""},"class_list":["post-129","page","type-page","status-publish","hentry"],"_links":{"self":[{"href":"https:\/\/adn.cd\/fr\/wp-json\/wp\/v2\/pages\/129","targetHints":{"allow":["GET"]}}],"collection":[{"href":"https:\/\/adn.cd\/fr\/wp-json\/wp\/v2\/pages"}],"about":[{"href":"https:\/\/adn.cd\/fr\/wp-json\/wp\/v2\/types\/page"}],"author":[{"embeddable":true,"href":"https:\/\/adn.cd\/fr\/wp-json\/wp\/v2\/users\/1"}],"replies":[{"embeddable":true,"href":"https:\/\/adn.cd\/fr\/wp-json\/wp\/v2\/comments?post=129"}],"version-history":[{"count":22,"href":"https:\/\/adn.cd\/fr\/wp-json\/wp\/v2\/pages\/129\/revisions"}],"predecessor-version":[{"id":6832,"href":"https:\/\/adn.cd\/fr\/wp-json\/wp\/v2\/pages\/129\/revisions\/6832"}],"wp:attachment":[{"href":"https:\/\/adn.cd\/fr\/wp-json\/wp\/v2\/media?parent=129"}],"curies":[{"name":"wp","href":"https:\/\/api.w.org\/{rel}","templated":true}]}}